{"id":105,"date":"2018-09-03T09:31:19","date_gmt":"2018-09-03T09:31:19","guid":{"rendered":"https:\/\/breedland.de\/?page_id=105"},"modified":"2023-04-30T15:09:05","modified_gmt":"2023-04-30T15:09:05","slug":"datenschutz","status":"publish","type":"page","link":"https:\/\/breedland.de\/?page_id=105","title":{"rendered":"Datenschutz"},"content":{"rendered":"<p>Datenschutzerkl\u00e4rung<\/p>\n<p>Die Betreiber dieser Seiten nehmen den Schutz Ihrer pers\u00f6nlichen Daten sehr ernst.<br \/>Nachfolgend werden Sie \u00fcber die Erhebung, die Verarbeitung und die Nutzung Ihrer personenbezogenen Daten informiert, wenn Sie diese Webseite besuchen und die dort angebotenen Services und Dienstleistungen nutzen.<\/p>\n<p>1. Information zu personenbezogenen Daten<br \/>(1) Personenbezogene Daten sind solche Einzelangaben, die sich auf eine Person beziehen oder die geeignet sind, einen Bezug zu einer Person herzustellen, wie z. B. der Name, die Post-Adresse, eine Telefonnummer, eine E-Mail-Adresse, die Bankverbindung etc. Durch personenbezogene Daten kann unter Umst\u00e4nden somit auf die Identit\u00e4t einer Person r\u00fcckgeschlossen werden.<br \/>(2) Diensteanbieter gem. \u00a7 13 Telemediengesetz (TMG) und verantwortliche Stelle gem\u00e4\u00df Bundesdatenschutzgesetz (BDSG) und Datenschutzgrundverordnung (DSGVO) ist der Verein Begegnungsst\u00e4tte Breedland, vertreten durch den Vorstand: 1. Vorsitzende Mirco Zimmermann.<br \/>(3) Die Nutzung unserer Website ist in der Regel ohne Angabe personenbezogener Daten m\u00f6glich.<br \/>Soweit auf unseren Seiten personenbezogene Daten (beispielsweise Name, Anschrift oder E-Mail-Adressen) erhoben werden, erfolgt dies, soweit m\u00f6glich, stets auf freiwilliger Basis. Diese Daten werden ohne Ihre ausdr\u00fcckliche Zustimmung nicht an Dritte weitergegeben.<br \/>Wir weisen darauf hin, dass die Daten\u00fcbertragung im Internet (z.B. bei der Kommunikation per E-Mail) Sicherheitsl\u00fccken aufweisen kann. Ein l\u00fcckenloser Schutz der Daten vor dem Zugriff durch Dritte ist nicht m\u00f6glich.<br \/>2. Speicherung von Zugriffsdaten<br \/>(1) Bei jedem Zugriff auf unseren Internetauftritt werden Zugriffsdaten in einer Protokolldatei auf dem Server unseres Providers gespeichert.<br \/>(2) Dieser Datensatz besteht z.B. aus Ihrer IP-Adresse, Datum und Uhrzeit der Anforderung, dem Namen der angeforderten Datei, der \u00fcbertragenen Dateimenge und dem Zugriffsstatus, einer Beschreibung des verwendeten Webbrowsers und Betriebssystems sowie dem Namen Ihres Internet Service Providers.<br \/>(3) Diese Daten werden aus technischen Gr\u00fcnden erhoben. Eine Auswertung findet ausschlie\u00dflich zu statistischen Zwecken und ohne Personenbezug (Besucherzahlen und Seitenpopularit\u00e4t) statt.<br \/>(4) Wir behalten uns vor, diese Daten nachtr\u00e4glich zu pr\u00fcfen, wenn uns konkrete Anhaltspunkte f\u00fcr eine rechtswidrige Nutzung bekannt werden.<br \/>3. Ihre Rechte<br \/>Sie als Nutzer\/in erhalten auf Antrag Ihrerseits kostenlose Auskunft dar\u00fcber, welche personenbezogenen Daten \u00fcber Sie gespeichert wurden. Sofern Ihr Wunsch nicht mit einer gesetzlichen Pflicht zur Aufbewahrung von Daten kollidiert, haben Sie ein Anrecht auf Berichtigung falscher Daten und auf Sperrung oder L\u00f6schung Ihrer personenbezogenen Daten.<br \/>4. Verweise (Links)<br \/>Unser Webangebot enth\u00e4lt Verweise (Links) auf Internet-Seiten anderer Anbieter. Wir weisen darauf hin, dass mit dem Aufruf solcher Links Daten von Ihnen (siehe oben &#8222;Log File Informationen) an die Anbieter dieser Seiten \u00fcbertragen werden. Kenntnis vom Inhalt der \u00fcbermittelten Daten sowie deren Nutzung durch diese Anbieter besitzen und erhalten wir nicht.<br \/>5. Ausschluss einer Abmahnung ohne vorherigen Kontakt<br \/>Sofern der Inhalt dieser Seite die Rechte Dritter oder gesetzliche Bestimmungen verletzen sollte, so wird um entsprechende Benachrichtigung ohne Kostennote gebeten. Bitte nehmen Sie per E-Mail Kontakt auf mit: breedland@t-online.de. Es wird versichert, dass bei einer tats\u00e4chlichen Rechtsverletzung unverz\u00fcglich Abhilfe geschaffen wird. Die Beauftragung eines Rechtsanwalts ist in diesem Falle nicht notwendig und w\u00fcrde gegen den gesetzlichen Grundsatz der Schadensminderungspflicht versto\u00dfen. Wir weisen darauf hin, dass etwaige Kosten, die ohne vorherige Kontaktaufnahme ausgel\u00f6st wurden, vollumf\u00e4nglich zur\u00fcckgewiesen werden.<\/p>\n","protected":false},"excerpt":{"rendered":"<p>Datenschutzerkl\u00e4rung Die Betreiber dieser Seiten nehmen den Schutz Ihrer pers\u00f6nlichen Daten sehr ernst.Nachfolgend werden Sie \u00fcber die Erhebung, die Verarbeitung und die Nutzung Ihrer personenbezogenen Daten informiert, wenn Sie diese Webseite besuchen und die dort angebotenen Services und Dienstleistungen nutzen. 1. Information zu personenbezogenen Daten(1) Personenbezogene Daten sind solche Einzelangaben, die sich auf eine Person &hellip; <a href=\"https:\/\/breedland.de\/?page_id=105\" class=\"more-link\"><span class=\"screen-reader-text\">Datenschutz<\/span> weiterlesen<\/a><\/p>\n","protected":false},"author":1,"featured_media":0,"parent":0,"menu_order":0,"comment_status":"closed","ping_status":"closed","template":"","meta":[],"_links":{"self":[{"href":"https:\/\/breedland.de\/index.php?rest_route=\/wp\/v2\/pages\/105"}],"collection":[{"href":"https:\/\/breedland.de\/index.php?rest_route=\/wp\/v2\/pages"}],"about":[{"href":"https:\/\/breedland.de\/index.php?rest_route=\/wp\/v2\/types\/page"}],"author":[{"embeddable":true,"href":"https:\/\/breedland.de\/index.php?rest_route=\/wp\/v2\/users\/1"}],"replies":[{"embeddable":true,"href":"https:\/\/breedland.de\/index.php?rest_route=%2Fwp%2Fv2%2Fcomments&post=105"}],"version-history":[{"count":7,"href":"https:\/\/breedland.de\/index.php?rest_route=\/wp\/v2\/pages\/105\/revisions"}],"predecessor-version":[{"id":1958,"href":"https:\/\/breedland.de\/index.php?rest_route=\/wp\/v2\/pages\/105\/revisions\/1958"}],"wp:attachment":[{"href":"https:\/\/breedland.de\/index.php?rest_route=%2Fwp%2Fv2%2Fmedia&parent=105"}],"curies":[{"name":"wp","href":"https:\/\/api.w.org\/{rel}","templated":true}]}}